{"id":204,"date":"2025-05-02T17:21:43","date_gmt":"2025-05-02T15:21:43","guid":{"rendered":"https:\/\/prophetsamuellontsi.com\/?page_id=204"},"modified":"2025-05-05T19:13:34","modified_gmt":"2025-05-05T17:13:34","slug":"qui-est-le-prophete-samuel-lontsi","status":"publish","type":"page","link":"https:\/\/prophetsamuellontsi.com\/en\/qui-est-le-prophete-samuel-lontsi\/","title":{"rendered":"Who is Prophet Samuel Lontsi ?"},"content":{"rendered":"<p>[et_pb_section fb_built=\u00a0\u00bb1&Prime; fullwidth=\u00a0\u00bbon\u00a0\u00bb admin_label=\u00a0\u00bbHeader\u00a0\u00bb _builder_version=\u00a0\u00bb4.24.3&Prime; background_image=\u00a0\u00bbhttps:\/\/prophetsamuellontsi.com\/wp-content\/uploads\/2025\/04\/Couverture-site2_Plan-de-travail-1-scaled.png\u00a0\u00bb parallax=\u00a0\u00bbon\u00a0\u00bb background_last_edited=\u00a0\u00bbon|phone\u00a0\u00bb background_image_tablet=\u00a0\u00bbhttps:\/\/prophetsamuellontsi.com\/wp-content\/uploads\/2025\/04\/Couverture-site2B_Plan-de-travail-1-copie-scaled.png\u00a0\u00bb background_image_phone=\u00a0\u00bbhttps:\/\/prophetsamuellontsi.com\/wp-content\/uploads\/2025\/04\/Couverture-site3_Plan-de-travail-1-copie-scaled.png\u00a0\u00bb background_enable_image_tablet=\u00a0\u00bbon\u00a0\u00bb background_enable_image_phone=\u00a0\u00bbon\u00a0\u00bb global_colors_info=\u00a0\u00bb{}\u00a0\u00bb][et_pb_fullwidth_header title=\u00a0\u00bbQui est le proph\u00e8te Samuel Lontsi ?\u00a0\u00bb text_orientation=\u00a0\u00bbcenter\u00a0\u00bb button_one_text=\u00a0\u00bbD\u00e9couvrez\u00a0\u00bb _builder_version=\u00a0\u00bb4.24.3&Prime; title_font=\u00a0\u00bbDidact Gothic||||||||\u00a0\u00bb title_font_size=\u00a0\u00bb60px\u00a0\u00bb title_line_height=\u00a0\u00bb1.3em\u00a0\u00bb content_font=\u00a0\u00bb||||||||\u00a0\u00bb content_font_size=\u00a0\u00bb16px\u00a0\u00bb content_line_height=\u00a0\u00bb2em\u00a0\u00bb subhead_font=\u00a0\u00bbDidact Gothic||||||||\u00a0\u00bb subhead_font_size=\u00a0\u00bb20px\u00a0\u00bb subhead_line_height=\u00a0\u00bb1.8em\u00a0\u00bb background_color=\u00a0\u00bbrgba(0,0,0,0)\u00a0\u00bb background_image=\u00a0\u00bbhttps:\/\/prophetsamuellontsi.com\/wp-content\/uploads\/2025\/04\/Couverture-site2_Plan-de-travail-1-scaled.png\u00a0\u00bb custom_button_one=\u00a0\u00bbon\u00a0\u00bb button_one_text_size=\u00a0\u00bb16px\u00a0\u00bb button_one_text_color=\u00a0\u00bb#FFFFFF\u00a0\u00bb button_one_bg_color=\u00a0\u00bb#e64b18&Prime; button_one_border_width=\u00a0\u00bb8px\u00a0\u00bb button_one_border_color=\u00a0\u00bbrgba(0,0,0,0)\u00a0\u00bb button_one_border_radius=\u00a0\u00bb0px\u00a0\u00bb button_one_letter_spacing=\u00a0\u00bb3px\u00a0\u00bb button_one_font=\u00a0\u00bbDidact Gothic|700||on|||||\u00a0\u00bb button_one_use_icon=\u00a0\u00bboff\u00a0\u00bb custom_button_two=\u00a0\u00bbon\u00a0\u00bb button_two_text_size=\u00a0\u00bb16px\u00a0\u00bb button_two_text_color=\u00a0\u00bb#34587c\u00a0\u00bb button_two_bg_color=\u00a0\u00bb#ffffff\u00a0\u00bb button_two_border_width=\u00a0\u00bb8px\u00a0\u00bb button_two_border_color=\u00a0\u00bbrgba(0,0,0,0)\u00a0\u00bb button_two_border_radius=\u00a0\u00bb0px\u00a0\u00bb button_two_letter_spacing=\u00a0\u00bb3px\u00a0\u00bb button_two_font=\u00a0\u00bbDidact Gothic|700||on|||||\u00a0\u00bb button_two_use_icon=\u00a0\u00bboff\u00a0\u00bb custom_padding=\u00a0\u00bb10vw||20vw\u00a0\u00bb custom_padding_tablet=\u00a0\u00bb\u00a0\u00bb custom_padding_phone=\u00a0\u00bb||80px\u00a0\u00bb custom_padding_last_edited=\u00a0\u00bbon|phone\u00a0\u00bb animation_style=\u00a0\u00bbfade\u00a0\u00bb animation_starting_opacity=\u00a0\u00bb45%\u00a0\u00bb title_font_size_tablet=\u00a0\u00bb40px\u00a0\u00bb title_font_size_phone=\u00a0\u00bb30px\u00a0\u00bb title_font_size_last_edited=\u00a0\u00bbon|phone\u00a0\u00bb subhead_font_size_tablet=\u00a0\u00bb\u00a0\u00bb subhead_font_size_phone=\u00a0\u00bb18px\u00a0\u00bb subhead_font_size_last_edited=\u00a0\u00bbon|phone\u00a0\u00bb background_last_edited=\u00a0\u00bbon|phone\u00a0\u00bb background_image_phone=\u00a0\u00bbhttps:\/\/prophetsamuellontsi.com\/wp-content\/uploads\/2025\/04\/Couverture-site2B_Plan-de-travail-1-copie-scaled.png\u00a0\u00bb background_enable_image_phone=\u00a0\u00bbon\u00a0\u00bb global_colors_info=\u00a0\u00bb{}\u00a0\u00bb][\/et_pb_fullwidth_header][\/et_pb_section][et_pb_section fb_built=\u00a0\u00bb1&Prime; admin_label=\u00a0\u00bbGiving\u00a0\u00bb _builder_version=\u00a0\u00bb4.16&Prime; custom_width_px__hover=\u00a0\u00bb1080px\u00a0\u00bb custom_width_px__hover_enabled=\u00a0\u00bb1080px\u00a0\u00bb custom_width_percent__hover=\u00a0\u00bb80%\u00a0\u00bb custom_width_percent__hover_enabled=\u00a0\u00bb80%\u00a0\u00bb global_colors_info=\u00a0\u00bb{}\u00a0\u00bb gutter_width__hover=\u00a0\u00bb3&Prime; gutter_width__hover_enabled=\u00a0\u00bb3&Prime; parallax_1__hover=\u00a0\u00bboff\u00a0\u00bb parallax_1__hover_enabled=\u00a0\u00bboff\u00a0\u00bb parallax_2__hover=\u00a0\u00bboff\u00a0\u00bb parallax_2__hover_enabled=\u00a0\u00bboff\u00a0\u00bb parallax_3__hover=\u00a0\u00bboff\u00a0\u00bb parallax_3__hover_enabled=\u00a0\u00bboff\u00a0\u00bb parallax_method_1__hover=\u00a0\u00bbon\u00a0\u00bb parallax_method_1__hover_enabled=\u00a0\u00bbon\u00a0\u00bb parallax_method_2__hover=\u00a0\u00bbon\u00a0\u00bb parallax_method_2__hover_enabled=\u00a0\u00bbon\u00a0\u00bb parallax_method_3__hover=\u00a0\u00bbon\u00a0\u00bb parallax_method_3__hover_enabled=\u00a0\u00bbon\u00a0\u00bb background_size__hover=\u00a0\u00bbcover\u00a0\u00bb background_size__hover_enabled=\u00a0\u00bbcover\u00a0\u00bb background_position__hover=\u00a0\u00bbcenter\u00a0\u00bb background_position__hover_enabled=\u00a0\u00bbcenter\u00a0\u00bb use_background_color_gradient__hover=\u00a0\u00bboff\u00a0\u00bb use_background_color_gradient__hover_enabled=\u00a0\u00bboff\u00a0\u00bb background_color_gradient_start__hover=\u00a0\u00bb#2b87da\u00a0\u00bb background_color_gradient_start__hover_enabled=\u00a0\u00bb#2b87da\u00a0\u00bb background_color_gradient_end__hover=\u00a0\u00bb#29c4a9&Prime; background_color_gradient_end__hover_enabled=\u00a0\u00bb#29c4a9&Prime; background_color_gradient_type__hover=\u00a0\u00bblinear\u00a0\u00bb background_color_gradient_type__hover_enabled=\u00a0\u00bblinear\u00a0\u00bb background_color_gradient_direction__hover=\u00a0\u00bb180deg\u00a0\u00bb background_color_gradient_direction__hover_enabled=\u00a0\u00bb180deg\u00a0\u00bb background_color_gradient_direction_radial__hover=\u00a0\u00bbcenter\u00a0\u00bb background_color_gradient_direction_radial__hover_enabled=\u00a0\u00bbcenter\u00a0\u00bb background_color_gradient_start_position__hover=\u00a0\u00bb0%\u00a0\u00bb background_color_gradient_start_position__hover_enabled=\u00a0\u00bb0%\u00a0\u00bb background_color_gradient_end_position__hover=\u00a0\u00bb100%\u00a0\u00bb background_color_gradient_end_position__hover_enabled=\u00a0\u00bb100%\u00a0\u00bb background_color_gradient_overlays_image__hover=\u00a0\u00bboff\u00a0\u00bb background_color_gradient_overlays_image__hover_enabled=\u00a0\u00bboff\u00a0\u00bb parallax__hover=\u00a0\u00bboff\u00a0\u00bb parallax__hover_enabled=\u00a0\u00bboff\u00a0\u00bb parallax_method__hover=\u00a0\u00bbon\u00a0\u00bb parallax_method__hover_enabled=\u00a0\u00bbon\u00a0\u00bb background_repeat__hover=\u00a0\u00bbno-repeat\u00a0\u00bb background_repeat__hover_enabled=\u00a0\u00bbno-repeat\u00a0\u00bb background_blend__hover=\u00a0\u00bbnormal\u00a0\u00bb background_blend__hover_enabled=\u00a0\u00bbnormal\u00a0\u00bb allow_player_pause__hover=\u00a0\u00bboff\u00a0\u00bb allow_player_pause__hover_enabled=\u00a0\u00bboff\u00a0\u00bb background_video_pause_outside_viewport__hover=\u00a0\u00bbon\u00a0\u00bb background_video_pause_outside_viewport__hover_enabled=\u00a0\u00bbon\u00a0\u00bb inner_shadow__hover=\u00a0\u00bboff\u00a0\u00bb inner_shadow__hover_enabled=\u00a0\u00bboff\u00a0\u00bb make_fullwidth__hover=\u00a0\u00bboff\u00a0\u00bb make_fullwidth__hover_enabled=\u00a0\u00bboff\u00a0\u00bb use_custom_width__hover=\u00a0\u00bboff\u00a0\u00bb use_custom_width__hover_enabled=\u00a0\u00bboff\u00a0\u00bb width_unit__hover=\u00a0\u00bbon\u00a0\u00bb width_unit__hover_enabled=\u00a0\u00bbon\u00a0\u00bb make_equal__hover=\u00a0\u00bboff\u00a0\u00bb make_equal__hover_enabled=\u00a0\u00bboff\u00a0\u00bb use_custom_gutter__hover=\u00a0\u00bboff\u00a0\u00bb use_custom_gutter__hover_enabled=\u00a0\u00bboff\u00a0\u00bb border_radii__hover=\u00a0\u00bbon||||\u00a0\u00bb border_radii__hover_enabled=\u00a0\u00bbon||||\u00a0\u00bb box_shadow_style__hover=\u00a0\u00bbnone\u00a0\u00bb box_shadow_style__hover_enabled=\u00a0\u00bbnone\u00a0\u00bb box_shadow_color__hover=\u00a0\u00bbrgba(0,0,0,0.3)\u00a0\u00bb box_shadow_color__hover_enabled=\u00a0\u00bbrgba(0,0,0,0.3)\u00a0\u00bb max_width__hover=\u00a0\u00bb100%\u00a0\u00bb max_width__hover_enabled=\u00a0\u00bb100%\u00a0\u00bb filter_hue_rotate__hover=\u00a0\u00bb0deg\u00a0\u00bb filter_hue_rotate__hover_enabled=\u00a0\u00bb0deg\u00a0\u00bb filter_saturate__hover=\u00a0\u00bb100%\u00a0\u00bb filter_saturate__hover_enabled=\u00a0\u00bb100%\u00a0\u00bb filter_brightness__hover=\u00a0\u00bb100%\u00a0\u00bb filter_brightness__hover_enabled=\u00a0\u00bb100%\u00a0\u00bb filter_contrast__hover=\u00a0\u00bb100%\u00a0\u00bb filter_contrast__hover_enabled=\u00a0\u00bb100%\u00a0\u00bb filter_invert__hover=\u00a0\u00bb0%\u00a0\u00bb filter_invert__hover_enabled=\u00a0\u00bb0%\u00a0\u00bb filter_sepia__hover=\u00a0\u00bb0%\u00a0\u00bb filter_sepia__hover_enabled=\u00a0\u00bb0%\u00a0\u00bb filter_opacity__hover=\u00a0\u00bb100%\u00a0\u00bb filter_opacity__hover_enabled=\u00a0\u00bb100%\u00a0\u00bb filter_blur__hover=\u00a0\u00bb0px\u00a0\u00bb filter_blur__hover_enabled=\u00a0\u00bb0px\u00a0\u00bb mix_blend_mode__hover=\u00a0\u00bbnormal\u00a0\u00bb mix_blend_mode__hover_enabled=\u00a0\u00bbnormal\u00a0\u00bb animation_style__hover=\u00a0\u00bbnone\u00a0\u00bb animation_style__hover_enabled=\u00a0\u00bbnone\u00a0\u00bb animation_repeat__hover=\u00a0\u00bbonce\u00a0\u00bb animation_repeat__hover_enabled=\u00a0\u00bbonce\u00a0\u00bb animation_direction__hover=\u00a0\u00bbcenter\u00a0\u00bb animation_direction__hover_enabled=\u00a0\u00bbcenter\u00a0\u00bb animation_duration__hover=\u00a0\u00bb1000ms\u00a0\u00bb animation_duration__hover_enabled=\u00a0\u00bb1000ms\u00a0\u00bb animation_delay__hover=\u00a0\u00bb0ms\u00a0\u00bb animation_delay__hover_enabled=\u00a0\u00bb0ms\u00a0\u00bb animation_intensity_slide__hover=\u00a0\u00bb50%\u00a0\u00bb animation_intensity_slide__hover_enabled=\u00a0\u00bb50%\u00a0\u00bb animation_intensity_zoom__hover=\u00a0\u00bb50%\u00a0\u00bb animation_intensity_zoom__hover_enabled=\u00a0\u00bb50%\u00a0\u00bb animation_intensity_flip__hover=\u00a0\u00bb50%\u00a0\u00bb animation_intensity_flip__hover_enabled=\u00a0\u00bb50%\u00a0\u00bb animation_intensity_fold__hover=\u00a0\u00bb50%\u00a0\u00bb animation_intensity_fold__hover_enabled=\u00a0\u00bb50%\u00a0\u00bb animation_intensity_roll__hover=\u00a0\u00bb50%\u00a0\u00bb animation_intensity_roll__hover_enabled=\u00a0\u00bb50%\u00a0\u00bb animation_starting_opacity__hover=\u00a0\u00bb0%\u00a0\u00bb animation_starting_opacity__hover_enabled=\u00a0\u00bb0%\u00a0\u00bb animation_speed_curve__hover=\u00a0\u00bbease-in-out\u00a0\u00bb animation_speed_curve__hover_enabled=\u00a0\u00bbease-in-out\u00a0\u00bb hover_transition_duration__hover=\u00a0\u00bb300ms\u00a0\u00bb hover_transition_duration__hover_enabled=\u00a0\u00bb300ms\u00a0\u00bb hover_transition_delay__hover=\u00a0\u00bb0ms\u00a0\u00bb hover_transition_delay__hover_enabled=\u00a0\u00bb0ms\u00a0\u00bb hover_transition_speed_curve__hover=\u00a0\u00bbease\u00a0\u00bb hover_transition_speed_curve__hover_enabled=\u00a0\u00bbease\u00a0\u00bb background_color_gradient_stops__hover=\u00a0\u00bb#2b87da 0%|#29c4a9 100%\u00a0\u00bb][et_pb_row column_structure=\u00a0\u00bb1_2,1_2&Prime; _builder_version=\u00a0\u00bb4.24.3&Prime; _module_preset=\u00a0\u00bbdefault\u00a0\u00bb global_colors_info=\u00a0\u00bb{}\u00a0\u00bb][et_pb_column type=\u00a0\u00bb1_2&Prime; _builder_version=\u00a0\u00bb4.24.3&Prime; _module_preset=\u00a0\u00bbdefault\u00a0\u00bb global_colors_info=\u00a0\u00bb{}\u00a0\u00bb][et_pb_text _builder_version=\u00a0\u00bb4.24.3&Prime; _module_preset=\u00a0\u00bbdefault\u00a0\u00bb header_letter_spacing=\u00a0\u00bb-1px\u00a0\u00bb header_line_height=\u00a0\u00bb1.1em\u00a0\u00bb header_2_line_height=\u00a0\u00bb1.1em\u00a0\u00bb header_5_line_height=\u00a0\u00bb1.4em\u00a0\u00bb custom_margin=\u00a0\u00bb|14px||||\u00a0\u00bb custom_padding=\u00a0\u00bb|59px||48px||\u00a0\u00bb hover_enabled=\u00a0\u00bb0&Prime; global_colors_info=\u00a0\u00bb{}\u00a0\u00bb sticky_enabled=\u00a0\u00bb0&Prime;]<\/p>\n<h4 style=\"text-align: justify;\"><\/h4>\n<h4 style=\"text-align: justify;\"><\/h4>\n<h4 style=\"text-align: justify;\"><strong><span style=\"color: #ff0000;\">Who is Prophet Samuel Lontsi ?<\/span><\/strong><\/h4>\n<h2 style=\"text-align: justify;\"><strong><span style=\"color: #333399;\">A mandate for liberation<\/span><\/strong><\/h2>\n<p><strong><span style=\"color: #333399;\"><\/span><\/strong><\/p>\n<h5 style=\"text-align: justify;\"><\/h5>\n<h5 style=\"text-align: justify;\"><\/h5>\n<h5 style=\"text-align: justify;\">Senior pastor of Living Water Ministry, Yaound\u00e9-Cameroon (Cathedral of Signs and Wonders) for over 20 years,<\/h5>\n<h5 style=\"text-align: justify;\">His ministry includes :<\/h5>\n<h5 style=\"text-align: justify;\">\u00b0Numerous healings from incurable diseases, for example,<\/h5>\n<h5 style=\"text-align: justify;\">\u00b0Liberating families from generational curses<\/h5>\n<h5 style=\"text-align: justify;\">Il est l&rsquo;auteur du c\u00e9l\u00e8bre livret de m\u00e9ditation quotidienne \u00ab Tout droit du ciel \u00bb<\/h5>\n<h5 style=\"text-align: justify;\">and the dynamic prayer books (1,2,3).<\/h5>\n<h5 style=\"text-align: justify;\">He runs a satellite TV channel and a radio station.<\/h5>\n<h5 style=\"text-align: justify;\">He is happily married to Prophetess Chim\u00e8ne Lontsi; together they have 3 beautiful children.<\/h5>\n<p>[\/et_pb_text][\/et_pb_column][et_pb_column type=\u00a0\u00bb1_2&Prime; _builder_version=\u00a0\u00bb4.24.3&Prime; _module_preset=\u00a0\u00bbdefault\u00a0\u00bb global_colors_info=\u00a0\u00bb{}\u00a0\u00bb][et_pb_image src=\u00a0\u00bbhttps:\/\/prophetsamuellontsi.com\/wp-content\/uploads\/2025\/05\/Samuel-Lontsi.jpeg\u00a0\u00bb title_text=\u00a0\u00bbSamuel Lontsi\u00a0\u00bb _builder_version=\u00a0\u00bb4.24.3&Prime; _module_preset=\u00a0\u00bbdefault\u00a0\u00bb width=\u00a0\u00bb99.6%\u00a0\u00bb custom_margin=\u00a0\u00bb||-4px|-10px||\u00a0\u00bb custom_padding=\u00a0\u00bb|71px|0px|93px||\u00a0\u00bb global_colors_info=\u00a0\u00bb{}\u00a0\u00bb][\/et_pb_image][\/et_pb_column][\/et_pb_row][\/et_pb_section]<\/p>","protected":false},"excerpt":{"rendered":"<p>Qui est le proph\u00e8te Samuel Lontsi ? Mandat\u00e9 pour la lib\u00e9ration Pasteur principal de Living Water Ministry, Yaound\u00e9-Cameroun (cath\u00e9drale des signes et des merveilles) depuis plus de 20 ans, Son minist\u00e8re comprend : \u00b0De nombreuses gu\u00e9risons de maladies incurables, \u00b0La lib\u00e9ration de familles de mal\u00e9dictions g\u00e9n\u00e9rationnelles et plusieurs perc\u00e9es. Il est l&rsquo;auteur du c\u00e9l\u00e8bre livret [&hellip;]<\/p>","protected":false},"author":1,"featured_media":0,"parent":0,"menu_order":0,"comment_status":"closed","ping_status":"closed","template":"","meta":{"_et_pb_use_builder":"on","_et_pb_old_content":"","_et_gb_content_width":"","footnotes":""},"class_list":["post-204","page","type-page","status-publish","hentry"],"yoast_head":"<!-- This site is optimized with the Yoast SEO plugin v27.4 - https:\/\/yoast.com\/product\/yoast-seo-wordpress\/ -->\n<title>Qui est le proph\u00e8te Samuel Lontsi ? - Prophet Samuel Lontsi<\/title>\n<meta name=\"robots\" content=\"index, follow, max-snippet:-1, max-image-preview:large, max-video-preview:-1\" \/>\n<link rel=\"canonical\" href=\"https:\/\/prophetsamuellontsi.com\/en\/qui-est-le-prophete-samuel-lontsi\/\" \/>\n<meta property=\"og:locale\" content=\"en_US\" \/>\n<meta property=\"og:type\" content=\"article\" \/>\n<meta property=\"og:title\" content=\"Qui est le proph\u00e8te Samuel Lontsi ? - Prophet Samuel Lontsi\" \/>\n<meta property=\"og:description\" content=\"Qui est le proph\u00e8te Samuel Lontsi ? Mandat\u00e9 pour la lib\u00e9ration Pasteur principal de Living Water Ministry, Yaound\u00e9-Cameroun (cath\u00e9drale des signes et des merveilles) depuis plus de 20 ans, Son minist\u00e8re comprend : \u00b0De nombreuses gu\u00e9risons de maladies incurables, \u00b0La lib\u00e9ration de familles de mal\u00e9dictions g\u00e9n\u00e9rationnelles et plusieurs perc\u00e9es. Il est l&#039;auteur du c\u00e9l\u00e8bre livret [&hellip;]\" \/>\n<meta property=\"og:url\" content=\"https:\/\/prophetsamuellontsi.com\/en\/qui-est-le-prophete-samuel-lontsi\/\" \/>\n<meta property=\"og:site_name\" content=\"Prophet Samuel Lontsi\" \/>\n<meta property=\"article:modified_time\" content=\"2025-05-05T17:13:34+00:00\" \/>\n<meta name=\"twitter:card\" content=\"summary_large_image\" \/>\n<script type=\"application\/ld+json\" class=\"yoast-schema-graph\">{\"@context\":\"https:\\\/\\\/schema.org\",\"@graph\":[{\"@type\":\"WebPage\",\"@id\":\"https:\\\/\\\/prophetsamuellontsi.com\\\/qui-est-le-prophete-samuel-lontsi\\\/\",\"url\":\"https:\\\/\\\/prophetsamuellontsi.com\\\/qui-est-le-prophete-samuel-lontsi\\\/\",\"name\":\"Qui est le proph\u00e8te Samuel Lontsi ? - Prophet Samuel Lontsi\",\"isPartOf\":{\"@id\":\"https:\\\/\\\/prophetsamuellontsi.com\\\/#website\"},\"datePublished\":\"2025-05-02T15:21:43+00:00\",\"dateModified\":\"2025-05-05T17:13:34+00:00\",\"breadcrumb\":{\"@id\":\"https:\\\/\\\/prophetsamuellontsi.com\\\/qui-est-le-prophete-samuel-lontsi\\\/#breadcrumb\"},\"inLanguage\":\"en-US\",\"potentialAction\":[{\"@type\":\"ReadAction\",\"target\":[\"https:\\\/\\\/prophetsamuellontsi.com\\\/qui-est-le-prophete-samuel-lontsi\\\/\"]}]},{\"@type\":\"BreadcrumbList\",\"@id\":\"https:\\\/\\\/prophetsamuellontsi.com\\\/qui-est-le-prophete-samuel-lontsi\\\/#breadcrumb\",\"itemListElement\":[{\"@type\":\"ListItem\",\"position\":1,\"name\":\"Home\",\"item\":\"https:\\\/\\\/prophetsamuellontsi.com\\\/\"},{\"@type\":\"ListItem\",\"position\":2,\"name\":\"Qui est le proph\u00e8te Samuel Lontsi ?\"}]},{\"@type\":\"WebSite\",\"@id\":\"https:\\\/\\\/prophetsamuellontsi.com\\\/#website\",\"url\":\"https:\\\/\\\/prophetsamuellontsi.com\\\/\",\"name\":\"Prophet Samuel Lontsi\",\"description\":\"Amour et Gr\u00e2ce\",\"potentialAction\":[{\"@type\":\"SearchAction\",\"target\":{\"@type\":\"EntryPoint\",\"urlTemplate\":\"https:\\\/\\\/prophetsamuellontsi.com\\\/?s={search_term_string}\"},\"query-input\":{\"@type\":\"PropertyValueSpecification\",\"valueRequired\":true,\"valueName\":\"search_term_string\"}}],\"inLanguage\":\"en-US\"}]}<\/script>\n<!-- \/ Yoast SEO plugin. -->","yoast_head_json":{"title":"Qui est le proph\u00e8te Samuel Lontsi ? - Prophet Samuel Lontsi","robots":{"index":"index","follow":"follow","max-snippet":"max-snippet:-1","max-image-preview":"max-image-preview:large","max-video-preview":"max-video-preview:-1"},"canonical":"https:\/\/prophetsamuellontsi.com\/en\/qui-est-le-prophete-samuel-lontsi\/","og_locale":"en_US","og_type":"article","og_title":"Qui est le proph\u00e8te Samuel Lontsi ? - Prophet Samuel Lontsi","og_description":"Qui est le proph\u00e8te Samuel Lontsi ? Mandat\u00e9 pour la lib\u00e9ration Pasteur principal de Living Water Ministry, Yaound\u00e9-Cameroun (cath\u00e9drale des signes et des merveilles) depuis plus de 20 ans, Son minist\u00e8re comprend : \u00b0De nombreuses gu\u00e9risons de maladies incurables, \u00b0La lib\u00e9ration de familles de mal\u00e9dictions g\u00e9n\u00e9rationnelles et plusieurs perc\u00e9es. Il est l'auteur du c\u00e9l\u00e8bre livret [&hellip;]","og_url":"https:\/\/prophetsamuellontsi.com\/en\/qui-est-le-prophete-samuel-lontsi\/","og_site_name":"Prophet Samuel Lontsi","article_modified_time":"2025-05-05T17:13:34+00:00","twitter_card":"summary_large_image","schema":{"@context":"https:\/\/schema.org","@graph":[{"@type":"WebPage","@id":"https:\/\/prophetsamuellontsi.com\/qui-est-le-prophete-samuel-lontsi\/","url":"https:\/\/prophetsamuellontsi.com\/qui-est-le-prophete-samuel-lontsi\/","name":"Qui est le proph\u00e8te Samuel Lontsi ? - Prophet Samuel Lontsi","isPartOf":{"@id":"https:\/\/prophetsamuellontsi.com\/#website"},"datePublished":"2025-05-02T15:21:43+00:00","dateModified":"2025-05-05T17:13:34+00:00","breadcrumb":{"@id":"https:\/\/prophetsamuellontsi.com\/qui-est-le-prophete-samuel-lontsi\/#breadcrumb"},"inLanguage":"en-US","potentialAction":[{"@type":"ReadAction","target":["https:\/\/prophetsamuellontsi.com\/qui-est-le-prophete-samuel-lontsi\/"]}]},{"@type":"BreadcrumbList","@id":"https:\/\/prophetsamuellontsi.com\/qui-est-le-prophete-samuel-lontsi\/#breadcrumb","itemListElement":[{"@type":"ListItem","position":1,"name":"Home","item":"https:\/\/prophetsamuellontsi.com\/"},{"@type":"ListItem","position":2,"name":"Qui est le proph\u00e8te Samuel Lontsi ?"}]},{"@type":"WebSite","@id":"https:\/\/prophetsamuellontsi.com\/#website","url":"https:\/\/prophetsamuellontsi.com\/","name":"Prophet Samuel Lontsi","description":"Amour et Gr\u00e2ce","potentialAction":[{"@type":"SearchAction","target":{"@type":"EntryPoint","urlTemplate":"https:\/\/prophetsamuellontsi.com\/?s={search_term_string}"},"query-input":{"@type":"PropertyValueSpecification","valueRequired":true,"valueName":"search_term_string"}}],"inLanguage":"en-US"}]}},"_links":{"self":[{"href":"https:\/\/prophetsamuellontsi.com\/en\/wp-json\/wp\/v2\/pages\/204","targetHints":{"allow":["GET"]}}],"collection":[{"href":"https:\/\/prophetsamuellontsi.com\/en\/wp-json\/wp\/v2\/pages"}],"about":[{"href":"https:\/\/prophetsamuellontsi.com\/en\/wp-json\/wp\/v2\/types\/page"}],"author":[{"embeddable":true,"href":"https:\/\/prophetsamuellontsi.com\/en\/wp-json\/wp\/v2\/users\/1"}],"replies":[{"embeddable":true,"href":"https:\/\/prophetsamuellontsi.com\/en\/wp-json\/wp\/v2\/comments?post=204"}],"version-history":[{"count":11,"href":"https:\/\/prophetsamuellontsi.com\/en\/wp-json\/wp\/v2\/pages\/204\/revisions"}],"predecessor-version":[{"id":284,"href":"https:\/\/prophetsamuellontsi.com\/en\/wp-json\/wp\/v2\/pages\/204\/revisions\/284"}],"wp:attachment":[{"href":"https:\/\/prophetsamuellontsi.com\/en\/wp-json\/wp\/v2\/media?parent=204"}],"curies":[{"name":"wp","href":"https:\/\/api.w.org\/{rel}","templated":true}]}}